{"id":9,"date":"2013-11-16T20:06:29","date_gmt":"2013-11-16T19:06:29","guid":{"rendered":"http:\/\/christinekotschi.fr\/?page_id=9"},"modified":"2024-07-11T16:17:32","modified_gmt":"2024-07-11T15:17:32","slug":"contact","status":"publish","type":"page","link":"https:\/\/christinekotschi.fr\/en\/contact\/","title":{"rendered":"About"},"content":{"rendered":"<p><strong>Christine Kotschi<br \/>\nMusicienne \/ multi-instrumentiste \/ compositrice \/ interpr\u00e8te<\/strong><\/p>\n<p>Musicienne, form\u00e9e au violon classique, multi-instrumentiste, elle a \u00e9tudi\u00e9 la musique populaire traditionnelle turque au conservatoire de musique d\u2019Istanbul au d\u00e9but de son parcours. La rencontre avec Jean-Jacques Lem\u00eatre, compositeur et musicien du Th\u00e9\u00e2tre du Soleil, a \u00e9t\u00e9 d\u00e9terminante. Sp\u00e9cialis\u00e9e dans la musique de sc\u00e8ne, mais aussi com\u00e9dienne form\u00e9e \u00e0 l\u2019\u00e9cole internationale de th\u00e9\u00e2tre Jacques Lecoq, elle consacre l\u2019essentiel de son activit\u00e9 \u00e0 la musique vivante dans le domaine du spectacle vivant. L\u2019art du corps musical lui a \u00e9t\u00e9 transmis par Monika Pagneux. Elle a cr\u00e9\u00e9 et interpr\u00e9t\u00e9 la musique d\u2019une quarantaine de spectacles pour le th\u00e9\u00e2tre d\u2019auteurs classiques et contemporains. En qu\u00eate de sonorit\u00e9 rare, elle s\u2019appuie sur une importante collection personnelle d\u2019instruments de musique, appartenant \u00e0 de nombreuses civilisations, glan\u00e9s au cours de ses voyages et rencontres, mais aussi sur des instruments fabriqu\u00e9s, invent\u00e9s, qui offrent un large \u00e9ventail de timbres, source in\u00e9puisable d\u2019inspirations. Ses recherches l\u2019ont conduite \u00e0 collaborer \u00e0 la cr\u00e9ation de nouveaux instruments. Sa musique na\u00eet en pr\u00e9sence de l\u2019acteur, se dessine et devient partition. Elle pr\u00e9sage, annonce, cr\u00e9e des contrepoints, et imprime une pulsation au personnage qui s\u2019incarne sous ses yeux.<\/p>\n<p>Elle compose et interpr\u00e8te sur sc\u00e8ne la musique de spectacles mis en sc\u00e8ne par : Pascal ANTONINI, Pascal ARBEILLE, Valentina ARCE, Nicole AUBRY, L. BANCAREL, Benno BESSON, Claude BONIN, Paula BRUNET-SANCHO, Florence CAMOIN, Guillaume CLAYSSEN, Guy-Pierre COULEAU, Antonio DIAZ-FLORIAN, Paul FRANCESCONI, Gabriel GARRAN, Stanislas GRASSIEN, Hassane KOUYAT\u00c9, Sylvain LHERMITTE, Pierre LONGUENESSE, Dominique LURCEL, Michel de MAULNE, William MESGUICH, Seghir MOHAMMEDI, Habib NAGHMOUCHIN, Bruno OUZEAU, Philippe PASTOT, Carolina PECHENY, Lo\u00efc PICHON, Farid PAYA, Evelyne RIVAUD, Mahmoud SHAHALI, Isabelle SILVESTRI, Lisa WURMSER, \u2026 et se produit en solo dans de nombreux lieux, notamment <span style=\"line-height: 1.5;\">\u00e0 la Cit\u00e9 de la Musique-<\/span><span style=\"line-height: 1.5;\">Philharmonie de Paris,\u00a0<\/span><span style=\"line-height: inherit;\">au Festival International des Francophonies en Limousin, au Th\u00e9\u00e2tre Le D\u00f4me \u00e0 Saumur, \u00e0 l&rsquo;Etincelle \u00e0 Rouen, au Tarmac de la Villette,<\/span><span style=\"line-height: inherit;\">\u00a0\u00e0 l\u2019Espace Kiron, au Th\u00e9\u00e2tre de l\u2019Epop\u00e9e, au Th\u00e9\u00e2tre du Lierre, au Festival \u00d44Vents, au Festival 1.9.3. Soleil&#8230;<\/span><\/p>\n<a class=\"pdf\" href=\"https:\/\/christinekotschi.fr\/wp-content\/uploads\/doc\/c.kotschi-cv-version-longue-2.pdf\" title=\"C.Kotschi CV version longue\">PDF : C.Kotschi CV version longue<\/a><br>\n<a class=\"pdf\" href=\"https:\/\/christinekotschi.fr\/wp-content\/uploads\/doc\/c.kotschi-cv-version-courte.pdf\" title=\"C.Kotschi CV version courte\">PDF : C.Kotschi CV version courte<\/a><br>\n<p><strong>Christine Kotschi<br \/>\nmusician \/ multi-instrumentalist \/ composer \/ performer<\/strong><\/p>\n<p>Trained in the classical violin, Christine Kotschi is a musician who also plays multiple instruments. Early on in her career she studied traditional popular Turkish music at the Istanbul Conservatory. Later, an encounter with Jean-Jacques Lem\u00eatre, a composer and musician with the Th\u00e9\u00e2tre du Soleil in France, proved to be a turning point for her. Specialized in stage music, she also trained as an actress at the Jacques Lecoq International Theatre School, and most of her time is devoted to staging live music in the performing arts arena. In addition, she studied the art of the musical body with Monika Pagneux. She has created and performed music for around forty plays by both classical and contemporary authors. In search of rare sounds, she uses her substantial collection of musical instruments, which includes instruments from all civilizations, picked up on her travels and encounters, as well as hand-crafted, invented instruments that provide a wide range of timbres and serve as an endless source of inspiration. In addition, her research has led her to collaborate on the creation of new instruments. It is in the presence of actors that her music comes to life, taking shape and becoming a musical score. It is like a prediction of things to come, creating counterpoints and imprinting a rhythm onto the character that takes shape before her eyes.<\/p>\n<p>She has composed and performed live on stage, the music for plays directed by the following: Pascal ANTONINI, Pascal ARBEILLE, Valentina ARCE, Nicole AUBRY, L. BANCAREL, Benno BESSON, Paula BRUNET-SANCHO, Florence CAMOIN, Guillaume CLAYSSEN, Guy-Pierre COULEAU, Antonio DIAZ-FLORIAN, Gabriel GARRAN, Stanislas GRASSIEN, Hassane KOUYAT\u00c9, Sylvain LHERMITTE, Pierre LONGUENESSE, Dominique LURCEL, Michel de MAULNE, William MESGUICH, S\u00e9ghir MOHAMMEDI, Habib NAGHMOUCHIN, Bruno OUZEAU, Carolina PECHENY, Lo\u00efc PICHON, Farid PAYA, Evelyne RIVAUD, Mahmoud SHAHALI and Lisa WURMSER.<\/p>\n<p>In addition, she has put on solo performances at the International Francophone Festival in the Limousin, the Tarmac Theatre at La Villette, la Cit\u00e9 de la Musique, l\u2019Espace Kiron, the Th\u00e9\u00e2tre de l\u2019Epop\u00e9e, and the Th\u00e9\u00e2tre du Lierre etc.<\/p>\n<a class=\"pdf\" href=\"https:\/\/christinekotschi.fr\/wp-content\/uploads\/doc\/c.kotschi-cv-version-longue-2.pdf\" title=\"C.Kotschi CV long version\">PDF : C.Kotschi CV long version<\/a><br>\n<a class=\"pdf\" href=\"https:\/\/christinekotschi.fr\/wp-content\/uploads\/doc\/c.kotschi-cv-version-courte.pdf\" title=\"C.Kotschi CV short version\">PDF : C.Kotschi CV short version<\/a><br>\n<p>&nbsp;<\/p>\n<p>&nbsp;<\/p>","protected":false},"excerpt":{"rendered":"","protected":false},"author":1,"featured_media":0,"parent":0,"menu_order":0,"comment_status":"closed","ping_status":"closed","template":"bio.php","meta":{"footnotes":""},"class_list":["post-9","page","type-page","status-publish","hentry"],"_links":{"self":[{"href":"https:\/\/christinekotschi.fr\/en\/wp-json\/wp\/v2\/pages\/9","targetHints":{"allow":["GET"]}}],"collection":[{"href":"https:\/\/christinekotschi.fr\/en\/wp-json\/wp\/v2\/pages"}],"about":[{"href":"https:\/\/christinekotschi.fr\/en\/wp-json\/wp\/v2\/types\/page"}],"author":[{"embeddable":true,"href":"https:\/\/christinekotschi.fr\/en\/wp-json\/wp\/v2\/users\/1"}],"replies":[{"embeddable":true,"href":"https:\/\/christinekotschi.fr\/en\/wp-json\/wp\/v2\/comments?post=9"}],"version-history":[{"count":0,"href":"https:\/\/christinekotschi.fr\/en\/wp-json\/wp\/v2\/pages\/9\/revisions"}],"wp:attachment":[{"href":"https:\/\/christinekotschi.fr\/en\/wp-json\/wp\/v2\/media?parent=9"}],"curies":[{"name":"wp","href":"https:\/\/api.w.org\/{rel}","templated":true}]}}